{"id":512,"date":"2017-05-29T20:17:16","date_gmt":"2017-05-29T20:17:16","guid":{"rendered":"http:\/\/munipalencia.gob.gt\/?page_id=512"},"modified":"2024-06-24T14:18:40","modified_gmt":"2024-06-24T14:18:40","slug":"concejo-municipal","status":"publish","type":"page","link":"http:\/\/munipalencia.gob.gt\/index.php\/concejo-municipal\/","title":{"rendered":"Concejo Municipal"},"content":{"rendered":"\t\t<div data-elementor-type=\"wp-page\" data-elementor-id=\"512\" class=\"elementor elementor-512\">\n\t\t\t\t\t\t<div class=\"elementor-inner\">\n\t\t\t\t<div class=\"elementor-section-wrap\">\n\t\t\t\t\t\t\t\t\t<section class=\"elementor-section elementor-top-section elementor-element elementor-element-67b4b337 elementor-section-boxed elementor-section-height-default elementor-section-height-default\" data-id=\"67b4b337\" data-element_type=\"section\">\n\t\t\t\t\t\t<div class=\"elementor-container elementor-column-gap-default\">\n\t\t\t\t\t\t\t<div class=\"elementor-row\">\n\t\t\t\t\t<div class=\"elementor-column elementor-col-100 elementor-top-column elementor-element elementor-element-3c13f0a6\" data-id=\"3c13f0a6\" data-element_type=\"column\">\n\t\t\t<div class=\"elementor-column-wrap elementor-element-populated\">\n\t\t\t\t\t\t\t<div class=\"elementor-widget-wrap\">\n\t\t\t\t\t\t<div class=\"elementor-element elementor-element-377fe9fb elementor-widget elementor-widget-text-editor\" data-id=\"377fe9fb\" data-element_type=\"widget\" data-widget_type=\"text-editor.default\">\n\t\t\t\t<div class=\"elementor-widget-container\">\n\t\t\t\t\t\t\t\t<div class=\"elementor-text-editor elementor-clearfix\">\n\t\t\t\t<p>El Honorable Concejo Municipal esta conformado por los siguientes integrantes<\/p>\n<ol>\n<li class=\"MsoNormal\"><span lang=\"ES\" style=\"font-size: 14.0pt; mso-bidi-font-size: 11.0pt; line-height: 107%; mso-ansi-language: ES;\">Guadalupe Alberto Reyes Aguilar, Alcalde Municipal<\/span><\/li>\n<li><span lang=\"ES\" style=\"font-size: 14.0pt; mso-bidi-font-size: 11.0pt; line-height: 107%; mso-ansi-language: ES;\">Ramiro Tercero Aquino, Concejal Primero<\/span><\/li>\n<li class=\"MsoNormal\"><span lang=\"ES\" style=\"font-size: 14.0pt; mso-bidi-font-size: 11.0pt; line-height: 107%; mso-ansi-language: ES;\">Jos\u00e9 Ovidio Itzep Montenegro, Concejal Segundo<\/span><\/li>\n<li class=\"MsoNormal\"><span lang=\"ES\" style=\"font-size: 14.0pt; mso-bidi-font-size: 11.0pt; line-height: 107%; mso-ansi-language: ES;\">Nery Guillermo Sanuncini Garrido, Concejal Tercero <\/span><\/li>\n<li class=\"MsoNormal\"><span lang=\"ES\" style=\"font-size: 14.0pt; mso-bidi-font-size: 11.0pt; line-height: 107%; mso-ansi-language: ES;\">Jos\u00e9 Arturo Lemus Alvizures, Concejal Cuarto<\/span><\/li>\n<li class=\"MsoNormal\"><span lang=\"ES\" style=\"font-size: 14.0pt; mso-bidi-font-size: 11.0pt; line-height: 107%; mso-ansi-language: ES;\">Carlos Rodolfo Herrera Lorenzana, Concejal Quinto<\/span><\/li>\n<li class=\"MsoNormal\"><span lang=\"ES\" style=\"font-size: 14.0pt; mso-bidi-font-size: 11.0pt; line-height: 107%; mso-ansi-language: ES;\">Juan de Jes\u00fas Osorio G\u00f3mez, Concejal Sexto<\/span><\/li><li class=\"MsoNormal\"><span lang=\"ES\" style=\"line-height: 107%;\"><span style=\"font-size: 18.6667px;\">Walfred Orlando Franco Cante, Concejal S\u00e9ptimo<\/span><br><\/span><\/li>\n<li class=\"MsoNormal\"><span lang=\"ES\" style=\"font-size: 14.0pt; mso-bidi-font-size: 11.0pt; line-height: 107%; mso-ansi-language: ES;\">Emeterio Rodas Aguilar, S\u00edndico Primero <\/span><\/li>\n<li class=\"MsoNormal\"><span lang=\"ES\" style=\"font-size: 14.0pt; mso-bidi-font-size: 11.0pt; line-height: 107%; mso-ansi-language: ES;\">Oswaldo P\u00e9rez Guevara, S\u00edndico Segundo&nbsp;<\/span><\/li>\n<\/ol>\t\t\t\t\t<\/div>\n\t\t\t\t\t\t<\/div>\n\t\t\t\t<\/div>\n\t\t\t\t\t\t<\/div>\n\t\t\t\t\t<\/div>\n\t\t<\/div>\n\t\t\t\t\t\t\t\t<\/div>\n\t\t\t\t\t<\/div>\n\t\t<\/section>\n\t\t\t\t<section class=\"elementor-section elementor-top-section elementor-element elementor-element-d18adb5 elementor-section-full_width elementor-section-height-default elementor-section-height-default\" data-id=\"d18adb5\" data-element_type=\"section\">\n\t\t\t\t\t\t<div class=\"elementor-container elementor-column-gap-default\">\n\t\t\t\t\t\t\t<div class=\"elementor-row\">\n\t\t\t\t\t<div class=\"elementor-column elementor-col-100 elementor-top-column elementor-element elementor-element-7e05c37\" data-id=\"7e05c37\" data-element_type=\"column\">\n\t\t\t<div class=\"elementor-column-wrap elementor-element-populated\">\n\t\t\t\t\t\t\t<div class=\"elementor-widget-wrap\">\n\t\t\t\t\t\t<div class=\"elementor-element elementor-element-a45d78f elementor-widget elementor-widget-image\" data-id=\"a45d78f\" data-element_type=\"widget\" data-widget_type=\"image.default\">\n\t\t\t\t<div class=\"elementor-widget-container\">\n\t\t\t\t\t\t\t\t<div class=\"elementor-image\">\n\t\t\t\t\t\t\t\t\t\t\t\t<img width=\"2048\" height=\"1237\" src=\"http:\/\/munipalencia.gob.gt\/wp-content\/uploads\/2024\/05\/FOTO.jpg\" class=\"attachment-full size-full\" alt=\"\" loading=\"lazy\" srcset=\"http:\/\/munipalencia.gob.gt\/wp-content\/uploads\/2024\/05\/FOTO.jpg 2048w, http:\/\/munipalencia.gob.gt\/wp-content\/uploads\/2024\/05\/FOTO-300x181.jpg 300w, http:\/\/munipalencia.gob.gt\/wp-content\/uploads\/2024\/05\/FOTO-1024x619.jpg 1024w, http:\/\/munipalencia.gob.gt\/wp-content\/uploads\/2024\/05\/FOTO-768x464.jpg 768w, http:\/\/munipalencia.gob.gt\/wp-content\/uploads\/2024\/05\/FOTO-1536x928.jpg 1536w\" sizes=\"(max-width: 2048px) 100vw, 2048px\" \/>\t\t\t\t\t\t\t\t\t\t\t\t\t\t<\/div>\n\t\t\t\t\t\t<\/div>\n\t\t\t\t<\/div>\n\t\t\t\t\t\t<\/div>\n\t\t\t\t\t<\/div>\n\t\t<\/div>\n\t\t\t\t\t\t\t\t<\/div>\n\t\t\t\t\t<\/div>\n\t\t<\/section>\n\t\t\t\t\t\t\t\t\t<\/div>\n\t\t\t<\/div>\n\t\t\t\t\t<\/div>\n\t\t ","protected":false},"excerpt":{"rendered":"<p>El Honorable Concejo Municipal esta conformado por los siguientes integrantes Guadalupe Alberto Reyes Aguilar, Alcalde Municipal Ramiro Tercero Aquino, Concejal Primero Jos\u00e9 Ovidio Itzep Montenegro, Concejal Segundo Nery Guillermo Sanuncini Garrido, Concejal Tercero Jos\u00e9 Arturo Lemus Alvizures, Concejal Cuarto Carlos Rodolfo Herrera Lorenzana, Concejal Quinto Juan de Jes\u00fas Osorio G\u00f3mez, Concejal Sexto Walfred Orlando Franco [&hellip;]<\/p>\n","protected":false},"author":4,"featured_media":0,"parent":0,"menu_order":0,"comment_status":"closed","ping_status":"closed","template":"","meta":[],"_links":{"self":[{"href":"http:\/\/munipalencia.gob.gt\/index.php\/wp-json\/wp\/v2\/pages\/512"}],"collection":[{"href":"http:\/\/munipalencia.gob.gt\/index.php\/wp-json\/wp\/v2\/pages"}],"about":[{"href":"http:\/\/munipalencia.gob.gt\/index.php\/wp-json\/wp\/v2\/types\/page"}],"author":[{"embeddable":true,"href":"http:\/\/munipalencia.gob.gt\/index.php\/wp-json\/wp\/v2\/users\/4"}],"replies":[{"embeddable":true,"href":"http:\/\/munipalencia.gob.gt\/index.php\/wp-json\/wp\/v2\/comments?post=512"}],"version-history":[{"count":15,"href":"http:\/\/munipalencia.gob.gt\/index.php\/wp-json\/wp\/v2\/pages\/512\/revisions"}],"predecessor-version":[{"id":13558,"href":"http:\/\/munipalencia.gob.gt\/index.php\/wp-json\/wp\/v2\/pages\/512\/revisions\/13558"}],"wp:attachment":[{"href":"http:\/\/munipalencia.gob.gt\/index.php\/wp-json\/wp\/v2\/media?parent=512"}],"curies":[{"name":"wp","href":"https:\/\/api.w.org\/{rel}","templated":true}]}}